{"id":18370,"date":"2022-01-06T14:15:55","date_gmt":"2022-01-06T15:28:54","guid":{"rendered":"https:\/\/bonbon.ee\/product\/ohupallid-numbrite-kujul-75cm-punane\/"},"modified":"2022-01-06T15:28:58","modified_gmt":"2022-01-06T15:28:58","slug":"ohupallid-numbrite-kujul-75cm-punane","status":"publish","type":"product","link":"https:\/\/bonbon.ee\/en\/product\/ohupallid-numbrite-kujul-75cm-punane\/","title":{"rendered":"\u00d5hupallid numbrite kujul 75cm (Punane)"},"content":{"rendered":"","protected":false},"excerpt":{"rendered":"<p>Suurus: 70-75 cm (s\u00f5ltub \u00f5hupallist).<\/p>\n<p>T\u00e4ispuhutud olekus suurus v\u00f5ib erineda.<\/p>\n<p>\u00d5hupalli hind ei sisalda heeliumi.\u00a0<\/p>\n<p>\u00d5hupall on sobilik \u00f5huga t\u00e4itmiseks.\u00a0<\/p>\n<p>\u00d5hupall ei ole sobilik heeliumiga t\u00e4itmiseks.<\/p>\n","protected":false},"featured_media":12846,"template":"","meta":[],"product_brand":[],"product_cat":[],"product_tag":[],"class_list":{"0":"post-18370","1":"product","2":"type-product","3":"status-publish","4":"has-post-thumbnail","7":"first","8":"instock","9":"taxable","10":"shipping-taxable","11":"purchasable","12":"product-type-simple"},"jetpack_sharing_enabled":true,"_links":{"self":[{"href":"https:\/\/bonbon.ee\/en\/wp-json\/wp\/v2\/product\/18370","targetHints":{"allow":["GET"]}}],"collection":[{"href":"https:\/\/bonbon.ee\/en\/wp-json\/wp\/v2\/product"}],"about":[{"href":"https:\/\/bonbon.ee\/en\/wp-json\/wp\/v2\/types\/product"}],"wp:featuredmedia":[{"embeddable":true,"href":"https:\/\/bonbon.ee\/en\/wp-json\/wp\/v2\/media\/12846"}],"wp:attachment":[{"href":"https:\/\/bonbon.ee\/en\/wp-json\/wp\/v2\/media?parent=18370"}],"wp:term":[{"taxonomy":"product_brand","embeddable":true,"href":"https:\/\/bonbon.ee\/en\/wp-json\/wp\/v2\/product_brand?post=18370"},{"taxonomy":"product_cat","embeddable":true,"href":"https:\/\/bonbon.ee\/en\/wp-json\/wp\/v2\/product_cat?post=18370"},{"taxonomy":"product_tag","embeddable":true,"href":"https:\/\/bonbon.ee\/en\/wp-json\/wp\/v2\/product_tag?post=18370"}],"curies":[{"name":"wp","href":"https:\/\/api.w.org\/{rel}","templated":true}]}}