{"id":18373,"date":"2022-01-06T14:17:41","date_gmt":"2022-01-06T15:28:59","guid":{"rendered":"https:\/\/bonbon.ee\/product\/ohupallid-numbrite-kujul-80cm-kuld\/"},"modified":"2022-01-06T15:29:00","modified_gmt":"2022-01-06T15:29:00","slug":"ohupallid-numbrite-kujul-80cm-kuld","status":"publish","type":"product","link":"https:\/\/bonbon.ee\/en\/product\/ohupallid-numbrite-kujul-80cm-kuld\/","title":{"rendered":"\u00d5hupallid numbrite kujul 80cm (Kuld)"},"content":{"rendered":"","protected":false},"excerpt":{"rendered":"<p>Suurus: 75-80 cm (s\u00f5ltub \u00f5hupallist).<\/p>\n<p>T\u00e4ispuhutud olekus suurus v\u00f5ib erineda.<\/p>\n<p>\u00d5hupalli hind ei sisalda heeliumi.\u00a0<\/p>\n<p>\u00d5hupall on sobilik \u00f5huga t\u00e4itmiseks.\u00a0<\/p>\n<p>\u00d5hupall ei ole sobilik heeliumiga t\u00e4itmiseks.<\/p>\n","protected":false},"featured_media":12859,"template":"","meta":[],"product_brand":[],"product_cat":[],"product_tag":[],"class_list":{"0":"post-18373","1":"product","2":"type-product","3":"status-publish","4":"has-post-thumbnail","7":"first","8":"instock","9":"taxable","10":"shipping-taxable","11":"purchasable","12":"product-type-simple"},"jetpack_sharing_enabled":true,"_links":{"self":[{"href":"https:\/\/bonbon.ee\/en\/wp-json\/wp\/v2\/product\/18373","targetHints":{"allow":["GET"]}}],"collection":[{"href":"https:\/\/bonbon.ee\/en\/wp-json\/wp\/v2\/product"}],"about":[{"href":"https:\/\/bonbon.ee\/en\/wp-json\/wp\/v2\/types\/product"}],"wp:featuredmedia":[{"embeddable":true,"href":"https:\/\/bonbon.ee\/en\/wp-json\/wp\/v2\/media\/12859"}],"wp:attachment":[{"href":"https:\/\/bonbon.ee\/en\/wp-json\/wp\/v2\/media?parent=18373"}],"wp:term":[{"taxonomy":"product_brand","embeddable":true,"href":"https:\/\/bonbon.ee\/en\/wp-json\/wp\/v2\/product_brand?post=18373"},{"taxonomy":"product_cat","embeddable":true,"href":"https:\/\/bonbon.ee\/en\/wp-json\/wp\/v2\/product_cat?post=18373"},{"taxonomy":"product_tag","embeddable":true,"href":"https:\/\/bonbon.ee\/en\/wp-json\/wp\/v2\/product_tag?post=18373"}],"curies":[{"name":"wp","href":"https:\/\/api.w.org\/{rel}","templated":true}]}}