{"id":5601,"date":"2022-01-06T14:42:34","date_gmt":"2022-01-06T14:42:34","guid":{"rendered":"https:\/\/bonbon.ee\/product\/krom-strogo-1-bioluminescence-kendama\/"},"modified":"2025-10-18T14:27:26","modified_gmt":"2025-10-18T14:27:26","slug":"krom-strogo-1-aurora-kendama","status":"publish","type":"product","link":"https:\/\/bonbon.ee\/en\/product\/krom-strogo-1-aurora-kendama\/","title":{"rendered":"KROM STROGO 1% Aurora kendama"},"content":{"rendered":"","protected":false},"excerpt":{"rendered":"<div class=\"product-description rte\">\n<p><strong>KROM STROGO 1% AURORA <\/strong>\u2728<\/p>\n<p>Oleme KROMIS mega \u00f5nnelikud, et saame tuua teieni v\u00e4rske Aurora<\/p>\n<p>V\u00e4lja kasvanud KROM STROGOST ja h\u00f5lmab endas uuendusi p\u00f5him\u00f5tteliselt igal parameetril. 1% kuju, vahtrapuu, base cupi warp hole ja veel, <strong>AURORA<\/strong> annab kindlasti sulle suurep\u00e4rase m\u00e4ngu elamuse.<\/p>\n<p>#KROMSTROGLOW &#8211; #KROMKENDAMA<br \/>M\u00e4ngijatelt m\u00e4ngijatele<\/p>\n<\/div>\n","protected":false},"featured_media":5678,"template":"","meta":[],"product_brand":[],"product_cat":[32],"product_tag":[],"class_list":{"0":"post-5601","1":"product","2":"type-product","3":"status-publish","4":"has-post-thumbnail","6":"product_cat-kendama","8":"first","9":"outofstock","10":"sale","11":"taxable","12":"shipping-taxable","13":"purchasable","14":"product-type-simple"},"jetpack_sharing_enabled":true,"_links":{"self":[{"href":"https:\/\/bonbon.ee\/en\/wp-json\/wp\/v2\/product\/5601","targetHints":{"allow":["GET"]}}],"collection":[{"href":"https:\/\/bonbon.ee\/en\/wp-json\/wp\/v2\/product"}],"about":[{"href":"https:\/\/bonbon.ee\/en\/wp-json\/wp\/v2\/types\/product"}],"wp:featuredmedia":[{"embeddable":true,"href":"https:\/\/bonbon.ee\/en\/wp-json\/wp\/v2\/media\/5678"}],"wp:attachment":[{"href":"https:\/\/bonbon.ee\/en\/wp-json\/wp\/v2\/media?parent=5601"}],"wp:term":[{"taxonomy":"product_brand","embeddable":true,"href":"https:\/\/bonbon.ee\/en\/wp-json\/wp\/v2\/product_brand?post=5601"},{"taxonomy":"product_cat","embeddable":true,"href":"https:\/\/bonbon.ee\/en\/wp-json\/wp\/v2\/product_cat?post=5601"},{"taxonomy":"product_tag","embeddable":true,"href":"https:\/\/bonbon.ee\/en\/wp-json\/wp\/v2\/product_tag?post=5601"}],"curies":[{"name":"wp","href":"https:\/\/api.w.org\/{rel}","templated":true}]}}