{"id":15008,"date":"2022-01-06T15:10:10","date_gmt":"2022-01-06T15:10:10","guid":{"rendered":"https:\/\/bonbon.ee\/product\/krom-strogo-1-bioluminescence-%d0%ba%d0%b5%d0%bd%d0%b4%d0%b0%d0%bc%d0%b0\/"},"modified":"2022-01-06T15:10:18","modified_gmt":"2022-01-06T15:10:18","slug":"krom-strogo-1-aurora-%d0%ba%d0%b5%d0%bd%d0%b4%d0%b0%d0%bc%d0%b0","status":"publish","type":"product","link":"https:\/\/bonbon.ee\/ru\/produkt\/krom-strogo-1-aurora-%d0%ba%d0%b5%d0%bd%d0%b4%d0%b0%d0%bc%d0%b0\/","title":{"rendered":"KROM STROGO 1% Aurora \u043a\u0435\u043d\u0434\u0430\u043c\u0430"},"content":{"rendered":"","protected":false},"excerpt":{"rendered":"<div class=\"product-description rte\">\n<p><strong>KROM STROGO 1% AURORA <\/strong>\u2728<\/p>\n<p>Oleme KROMIS mega \u00f5nnelikud, et saame tuua teieni v\u00e4rske Aurora<\/p>\n<p>V\u00e4lja kasvanud KROM STROGOST ja h\u00f5lmab endas uuendusi p\u00f5him\u00f5tteliselt igal parameetril. 1% kuju, vahtrapuu, base cupi warp hole ja veel, <strong>AURORA<\/strong> annab kindlasti sulle suurep\u00e4rase m\u00e4ngu elamuse.<\/p>\n<p>#KROMSTROGLOW &#8212; #KROMKENDAMA<br \/>M\u00e4ngijatelt m\u00e4ngijatele<\/p>\n<\/div>\n","protected":false},"featured_media":5678,"template":"","meta":[],"product_brand":[],"product_cat":[171],"product_tag":[],"class_list":{"0":"post-15008","1":"product","2":"type-product","3":"status-publish","4":"has-post-thumbnail","6":"product_cat-kendamy","8":"first","9":"outofstock","10":"sale","11":"taxable","12":"shipping-taxable","13":"purchasable","14":"product-type-simple"},"jetpack_sharing_enabled":true,"_links":{"self":[{"href":"https:\/\/bonbon.ee\/ru\/wp-json\/wp\/v2\/product\/15008","targetHints":{"allow":["GET"]}}],"collection":[{"href":"https:\/\/bonbon.ee\/ru\/wp-json\/wp\/v2\/product"}],"about":[{"href":"https:\/\/bonbon.ee\/ru\/wp-json\/wp\/v2\/types\/product"}],"wp:featuredmedia":[{"embeddable":true,"href":"https:\/\/bonbon.ee\/ru\/wp-json\/wp\/v2\/media\/5678"}],"wp:attachment":[{"href":"https:\/\/bonbon.ee\/ru\/wp-json\/wp\/v2\/media?parent=15008"}],"wp:term":[{"taxonomy":"product_brand","embeddable":true,"href":"https:\/\/bonbon.ee\/ru\/wp-json\/wp\/v2\/product_brand?post=15008"},{"taxonomy":"product_cat","embeddable":true,"href":"https:\/\/bonbon.ee\/ru\/wp-json\/wp\/v2\/product_cat?post=15008"},{"taxonomy":"product_tag","embeddable":true,"href":"https:\/\/bonbon.ee\/ru\/wp-json\/wp\/v2\/product_tag?post=15008"}],"curies":[{"name":"wp","href":"https:\/\/api.w.org\/{rel}","templated":true}]}}